{"id":1291,"date":"2019-06-14T14:39:31","date_gmt":"2019-06-14T14:39:31","guid":{"rendered":"http:\/\/www.antoniotorresalba.com\/?page_id=1291"},"modified":"2023-01-16T15:11:48","modified_gmt":"2023-01-16T15:11:48","slug":"exposiciones","status":"publish","type":"page","link":"http:\/\/www.antoniotorresalba.com\/en\/exposiciones","title":{"rendered":"Exhibitions"},"content":{"rendered":"<p><\/p>\n<h4>Points of sale.<\/h4>\n<p>&nbsp;<\/p>\n<p>Polapa estudios (Alicante) 2023<\/p>\n<p>Seventh Art Gallery (Valencia) 2022\/23<\/p>\n<p>Sutton Gallery (New Orleans, EEUU) 2022\/23<\/p>\n<p>Thornwood Gallery (Santa Fe, EEUU) 2022\/23<\/p>\n<p>Adsubian Gallery (Adsubia, Alicante) 2021<\/p>\n<p>R Alexander fine art gallery; Peachtree Corners Atlanta (EEUU) 2018\/19\/20\/21\/22\/23<\/p>\n<p>Hispangallery; Altea (Alicante) 2017\/18\/19\/20\/21\/22\/23<\/p>\n<p>Greens and blues gallery; North Berwick (Escocia) 2018\/19\/20\/21\/22\/23<\/p>\n<p>Russian Master ballet; (Alicante) 2017\/18\/19\/20<\/p>\n<p>El Corte Ingl\u00e9s (Ambito cultural); (Alicante) 2017\/18\/19\/20\/21<\/p>\n<p>West End Gallery; Edimburgo (Escocia) 2017\/18<\/p>\n<p>Cuadros Chacon; (C\u00e1diz) 2019<\/p>\n<p>Galer\u00eda Rafael; Altea (Alicante) 2017\/18<\/p>\n<p>Primose Gallery; Nothhampton (Inglaterra) 2015\/16\/17\/18<\/p>\n<p>Galer\u00eda Art Gallery; Moraira (Alicante) 2015\/17\/18<\/p>\n<p>Fundaci\u00f3n cultural Frax; L\u00b4Alf\u00e1s del Pi (Alicante) 2017<\/p>\n<p>Hotel Nou Rom\u00e1; Denia (Alicante) 2016<\/p>\n<p>Galer\u00eda Botticelli; Alcoy (Alicante) 2015\/16\/17\/18\/19\/20\/21\/22\/23<\/p>\n<p>Mc Gregor\u00b4s Gallery; Glasgow ( Escocia) 2015\/16\/17<\/p>\n<p>Casino Pego; (Pego-Alicante) 2013\/14\/15\/16\/17\/20\/21<\/p>\n<p>Galer\u00eda La casa del Pintor; Gand\u00eda (Valencia) 2015\/16\/21\/22\/23<\/p>\n<p>Galer\u00eda Paspart\u00fa; (Barcelona) 2015<\/p>\n<p>Galer\u00eda Arag\u00f3n 232; (Barcelona) 2013<\/p>\n<p>Galer\u00eda Gleis 2; Uster (Suiza) 2012<\/p>\n<p>Sala Wassberg; Forch-Z\u00fcrich (Suiza) 2012\/10<\/p>\n<p>Sala \u201cEl sue\u00f1o de Baco\u201d; (Madrid) 2012<\/p>\n<p>Hotel Marriott de Denia; (Alicante) 2012<\/p>\n<p>Galer\u00eda Art \u2013 J\u00e1vea; (Alicante) 2011<\/p>\n<p>Feria de Arte de Carrara; Carrara (Italia) 2011<\/p>\n<p>Galer\u00eda Javier Rom\u00e1n; (M\u00e1laga) 2011<\/p>\n<p>Monasterio de Tejeda; (Garaballa \u2013 Cuenca) 2011<\/p>\n<p>\u201cUn Mundo de Danza\u201d; (Alicante) 2011<\/p>\n<p>Galer\u00eda Diorama; (Alicante) 2010<\/p>\n<p>Museo Etnol\u00f3gico de Xal\u00f3; Xal\u00f3 (Alicante) 2010<\/p>\n<p>Galer\u00eda Segrelles; \u201cArt estiu\u201d (Valencia) 2010<\/p>\n<p>Parador Nacional de J\u00e1vea; Javea (Alicante) 2010<\/p>\n<p>Real Club Na\u00fatico de D\u00e9nia; D\u00e9nia (Alicante) 2010<\/p>\n<p>Hotel Regina; (Paris) 2008<\/p>\n<p>Galer\u00edas Fivars; Monte Pego (Valencia) 2007\/08\/09<\/p>\n<p>Sala de exposiciones Bankinter; Gandia (Valencia) 2006<\/p>\n<p>Casino hotel Palace; Gand\u00eda (Valencia) 2006<\/p>\n<p>Galer\u00eda Solera; Gand\u00eda (Valencia) 1999\/2000\/2001<\/p>","protected":false},"excerpt":{"rendered":"<p>Points of sale. &nbsp; Polapa estudios (Alicante) 2023 Seventh Art Gallery (Valencia) 2022\/23 Sutton Gallery (New Orleans, EEUU) 2022\/23 Thornwood Gallery (Santa Fe, EEUU) 2022\/23 Adsubian Gallery (Adsubia, Alicante) 2021 R Alexander fine art gallery; Peachtree Corners Atlanta (EEUU) 2018\/19\/20\/21\/22\/23 Hispangallery; Altea (Alicante) 2017\/18\/19\/20\/21\/22\/23 Greens and blues gallery; North Berwick (Escocia) 2018\/19\/20\/21\/22\/23 Russian Master ballet; &hellip; <\/p>\n<p class=\"link-more\"><a href=\"http:\/\/www.antoniotorresalba.com\/en\/exposiciones\" class=\"more-link\">Continue reading<span class=\"screen-reader-text\"> &#8220;Exhibitions&#8221;<\/span><\/a><\/p>\n","protected":false},"author":1,"featured_media":0,"parent":0,"menu_order":0,"comment_status":"closed","ping_status":"closed","template":"","meta":{"_monsterinsights_skip_tracking":false,"_monsterinsights_sitenote_active":false,"_monsterinsights_sitenote_note":"","_monsterinsights_sitenote_category":0,"ngg_post_thumbnail":0,"footnotes":""},"class_list":["post-1291","page","type-page","status-publish","hentry"],"yoast_head":"<!-- This site is optimized with the Yoast SEO plugin v27.2 - https:\/\/yoast.com\/product\/yoast-seo-wordpress\/ -->\n<title>Exhibitions - Antonio Torres<\/title>\n<meta name=\"robots\" content=\"index, follow, max-snippet:-1, max-image-preview:large, max-video-preview:-1\" \/>\n<link rel=\"canonical\" href=\"https:\/\/www.antoniotorresalba.com\/exposiciones\" \/>\n<meta property=\"og:locale\" content=\"en_US\" \/>\n<meta property=\"og:type\" content=\"article\" \/>\n<meta property=\"og:title\" content=\"Exhibitions - Antonio Torres\" \/>\n<meta property=\"og:description\" content=\"Points of sale. &nbsp; Polapa estudios (Alicante) 2023 Seventh Art Gallery (Valencia) 2022\/23 Sutton Gallery (New Orleans, EEUU) 2022\/23 Thornwood Gallery (Santa Fe, EEUU) 2022\/23 Adsubian Gallery (Adsubia, Alicante) 2021 R Alexander fine art gallery; Peachtree Corners Atlanta (EEUU) 2018\/19\/20\/21\/22\/23 Hispangallery; Altea (Alicante) 2017\/18\/19\/20\/21\/22\/23 Greens and blues gallery; North Berwick (Escocia) 2018\/19\/20\/21\/22\/23 Russian Master ballet; &hellip; Continue reading &quot;Exhibitions&quot;\" \/>\n<meta property=\"og:url\" content=\"https:\/\/www.antoniotorresalba.com\/exposiciones\" \/>\n<meta property=\"og:site_name\" content=\"Antonio Torres\" \/>\n<meta property=\"article:publisher\" content=\"https:\/\/es-es.facebook.com\/antonio.torresalba\" \/>\n<meta property=\"article:modified_time\" content=\"2023-01-16T15:11:48+00:00\" \/>\n<meta name=\"twitter:card\" content=\"summary_large_image\" \/>\n<meta name=\"twitter:label1\" content=\"Est. reading time\" \/>\n\t<meta name=\"twitter:data1\" content=\"2 minutes\" \/>\n<script type=\"application\/ld+json\" class=\"yoast-schema-graph\">{\"@context\":\"https:\/\/schema.org\",\"@graph\":[{\"@type\":\"WebPage\",\"@id\":\"https:\/\/www.antoniotorresalba.com\/exposiciones\",\"url\":\"https:\/\/www.antoniotorresalba.com\/exposiciones\",\"name\":\"Exhibitions - Antonio Torres\",\"isPartOf\":{\"@id\":\"https:\/\/www.antoniotorresalba.com\/#website\"},\"datePublished\":\"2019-06-14T14:39:31+00:00\",\"dateModified\":\"2023-01-16T15:11:48+00:00\",\"breadcrumb\":{\"@id\":\"https:\/\/www.antoniotorresalba.com\/exposiciones#breadcrumb\"},\"inLanguage\":\"en-US\",\"potentialAction\":[{\"@type\":\"ReadAction\",\"target\":[\"https:\/\/www.antoniotorresalba.com\/exposiciones\"]}]},{\"@type\":\"BreadcrumbList\",\"@id\":\"https:\/\/www.antoniotorresalba.com\/exposiciones#breadcrumb\",\"itemListElement\":[{\"@type\":\"ListItem\",\"position\":1,\"name\":\"Portada\",\"item\":\"https:\/\/www.antoniotorresalba.com\/\"},{\"@type\":\"ListItem\",\"position\":2,\"name\":\"Exposiciones\"}]},{\"@type\":\"WebSite\",\"@id\":\"https:\/\/www.antoniotorresalba.com\/#website\",\"url\":\"https:\/\/www.antoniotorresalba.com\/\",\"name\":\"Antonio Torres\",\"description\":\"Artist painter specialized in Ballet dancers\",\"potentialAction\":[{\"@type\":\"SearchAction\",\"target\":{\"@type\":\"EntryPoint\",\"urlTemplate\":\"https:\/\/www.antoniotorresalba.com\/?s={search_term_string}\"},\"query-input\":{\"@type\":\"PropertyValueSpecification\",\"valueRequired\":true,\"valueName\":\"search_term_string\"}}],\"inLanguage\":\"en-US\"}]}<\/script>\n<!-- \/ Yoast SEO plugin. -->","yoast_head_json":{"title":"Exhibitions - Antonio Torres","robots":{"index":"index","follow":"follow","max-snippet":"max-snippet:-1","max-image-preview":"max-image-preview:large","max-video-preview":"max-video-preview:-1"},"canonical":"https:\/\/www.antoniotorresalba.com\/exposiciones","og_locale":"en_US","og_type":"article","og_title":"Exhibitions - Antonio Torres","og_description":"Points of sale. &nbsp; Polapa estudios (Alicante) 2023 Seventh Art Gallery (Valencia) 2022\/23 Sutton Gallery (New Orleans, EEUU) 2022\/23 Thornwood Gallery (Santa Fe, EEUU) 2022\/23 Adsubian Gallery (Adsubia, Alicante) 2021 R Alexander fine art gallery; Peachtree Corners Atlanta (EEUU) 2018\/19\/20\/21\/22\/23 Hispangallery; Altea (Alicante) 2017\/18\/19\/20\/21\/22\/23 Greens and blues gallery; North Berwick (Escocia) 2018\/19\/20\/21\/22\/23 Russian Master ballet; &hellip; Continue reading \"Exhibitions\"","og_url":"https:\/\/www.antoniotorresalba.com\/exposiciones","og_site_name":"Antonio Torres","article_publisher":"https:\/\/es-es.facebook.com\/antonio.torresalba","article_modified_time":"2023-01-16T15:11:48+00:00","twitter_card":"summary_large_image","twitter_misc":{"Est. reading time":"2 minutes"},"schema":{"@context":"https:\/\/schema.org","@graph":[{"@type":"WebPage","@id":"https:\/\/www.antoniotorresalba.com\/exposiciones","url":"https:\/\/www.antoniotorresalba.com\/exposiciones","name":"Exhibitions - Antonio Torres","isPartOf":{"@id":"https:\/\/www.antoniotorresalba.com\/#website"},"datePublished":"2019-06-14T14:39:31+00:00","dateModified":"2023-01-16T15:11:48+00:00","breadcrumb":{"@id":"https:\/\/www.antoniotorresalba.com\/exposiciones#breadcrumb"},"inLanguage":"en-US","potentialAction":[{"@type":"ReadAction","target":["https:\/\/www.antoniotorresalba.com\/exposiciones"]}]},{"@type":"BreadcrumbList","@id":"https:\/\/www.antoniotorresalba.com\/exposiciones#breadcrumb","itemListElement":[{"@type":"ListItem","position":1,"name":"Portada","item":"https:\/\/www.antoniotorresalba.com\/"},{"@type":"ListItem","position":2,"name":"Exposiciones"}]},{"@type":"WebSite","@id":"https:\/\/www.antoniotorresalba.com\/#website","url":"https:\/\/www.antoniotorresalba.com\/","name":"Antonio Torres","description":"Artist painter specialized in Ballet dancers","potentialAction":[{"@type":"SearchAction","target":{"@type":"EntryPoint","urlTemplate":"https:\/\/www.antoniotorresalba.com\/?s={search_term_string}"},"query-input":{"@type":"PropertyValueSpecification","valueRequired":true,"valueName":"search_term_string"}}],"inLanguage":"en-US"}]}},"_links":{"self":[{"href":"http:\/\/www.antoniotorresalba.com\/en\/wp-json\/wp\/v2\/pages\/1291","targetHints":{"allow":["GET"]}}],"collection":[{"href":"http:\/\/www.antoniotorresalba.com\/en\/wp-json\/wp\/v2\/pages"}],"about":[{"href":"http:\/\/www.antoniotorresalba.com\/en\/wp-json\/wp\/v2\/types\/page"}],"author":[{"embeddable":true,"href":"http:\/\/www.antoniotorresalba.com\/en\/wp-json\/wp\/v2\/users\/1"}],"replies":[{"embeddable":true,"href":"http:\/\/www.antoniotorresalba.com\/en\/wp-json\/wp\/v2\/comments?post=1291"}],"version-history":[{"count":17,"href":"http:\/\/www.antoniotorresalba.com\/en\/wp-json\/wp\/v2\/pages\/1291\/revisions"}],"predecessor-version":[{"id":1758,"href":"http:\/\/www.antoniotorresalba.com\/en\/wp-json\/wp\/v2\/pages\/1291\/revisions\/1758"}],"wp:attachment":[{"href":"http:\/\/www.antoniotorresalba.com\/en\/wp-json\/wp\/v2\/media?parent=1291"}],"curies":[{"name":"wp","href":"https:\/\/api.w.org\/{rel}","templated":true}]}}