{"id":1471,"date":"2021-04-29T17:26:01","date_gmt":"2021-04-29T17:26:01","guid":{"rendered":"http:\/\/www.antoniotorresalba.com\/?page_id=1471"},"modified":"2021-04-30T11:20:20","modified_gmt":"2021-04-30T11:20:20","slug":"poesia-plies-y-bulerias","status":"publish","type":"page","link":"http:\/\/www.antoniotorresalba.com\/en\/poesia-plies-y-bulerias","title":{"rendered":"Series: POETRY, PL\u00cdES AND BULER\u00cdAS."},"content":{"rendered":"<p><b>Serie : &nbsp;POES\u00cdA, PL\u00cdES Y BULER\u00cdAS.<\/b><\/p>\n<p>He has been working on these paintings since the beginning of 2020. This collection consists of twenty-three pieces, all 1&#8217;20 x 0&#8217;60 cm.<\/p>\n<p>In this series the painter captures an interesting imaginative story of three artists; A classical dancer (Laurretta Summerscales. Bayerisches Staatsballett, Munich) Ana Agraz (Spanish National Ballet. Spanish dance dancer) and Francisco Cejudo. Spanish poet. Seville)<\/p>\n<p>&nbsp;<\/p>\n<p><div class=\"rl-gallery-container rl-loading\" id=\"rl-gallery-container-2\" data-gallery_id=\"1493\"> <div class=\"rl-gallery rl-basicgrid-gallery \" id=\"rl-gallery-2\" data-gallery_no=\"2\"> <div class=\"rl-gallery-item\"><a href=\"http:\/\/www.antoniotorresalba.com\/wp-content\/uploads\/2021\/04\/2-1.jpg\" title=\"Ser de luz 1&#8217;20 x 0&#8217;60\" data-rl_title=\"Ser de luz 1&#8217;20 x 0&#8217;60\" class=\"rl-gallery-link\" data-rl_caption=\"\" data-rel=\"lightbox-gallery-2\"><img loading=\"lazy\" decoding=\"async\" src=\"http:\/\/www.antoniotorresalba.com\/wp-content\/uploads\/2021\/04\/2-1-144x300.jpg\" width=\"144\" height=\"300\" alt=\"\" \/><span class=\"rl-gallery-caption\"><span class=\"rl-gallery-item-title\">Ser de luz 1&#8217;20 x 0&#8217;60<\/span><\/span><\/a><\/div><div class=\"rl-gallery-item\"><a href=\"http:\/\/www.antoniotorresalba.com\/wp-content\/uploads\/2021\/04\/1.jpg\" title=\"Raz\u00f3n de luz 1&#8217;20 x 0&#8217;60\" data-rl_title=\"Raz\u00f3n de luz 1&#8217;20 x 0&#8217;60\" class=\"rl-gallery-link\" data-rl_caption=\"\" data-rel=\"lightbox-gallery-2\"><img loading=\"lazy\" decoding=\"async\" src=\"http:\/\/www.antoniotorresalba.com\/wp-content\/uploads\/2021\/04\/1-146x300.jpg\" width=\"146\" height=\"300\" alt=\"\" \/><span class=\"rl-gallery-caption\"><span class=\"rl-gallery-item-title\">Raz\u00f3n de luz 1&#8217;20 x 0&#8217;60<\/span><\/span><\/a><\/div><div class=\"rl-gallery-item\"><a href=\"http:\/\/www.antoniotorresalba.com\/wp-content\/uploads\/2021\/04\/4.jpg\" title=\"Sentir del aire 1&#8217;20 x 0&#8217;60\" data-rl_title=\"Sentir del aire 1&#8217;20 x 0&#8217;60\" class=\"rl-gallery-link\" data-rl_caption=\"\" data-rel=\"lightbox-gallery-2\"><img loading=\"lazy\" decoding=\"async\" src=\"http:\/\/www.antoniotorresalba.com\/wp-content\/uploads\/2021\/04\/4-149x300.jpg\" width=\"149\" height=\"300\" alt=\"\" \/><span class=\"rl-gallery-caption\"><span class=\"rl-gallery-item-title\">Sentir del aire 1&#8217;20 x 0&#8217;60<\/span><\/span><\/a><\/div><div class=\"rl-gallery-item\"><a href=\"http:\/\/www.antoniotorresalba.com\/wp-content\/uploads\/2021\/04\/5.jpg\" title=\"Sentir del aire 1&#8217;20 x 0&#8217;60\" data-rl_title=\"Sentir del aire 1&#8217;20 x 0&#8217;60\" class=\"rl-gallery-link\" data-rl_caption=\"\" data-rel=\"lightbox-gallery-2\"><img loading=\"lazy\" decoding=\"async\" src=\"http:\/\/www.antoniotorresalba.com\/wp-content\/uploads\/2021\/04\/5-148x300.jpg\" width=\"148\" height=\"300\" alt=\"\" \/><span class=\"rl-gallery-caption\"><span class=\"rl-gallery-item-title\">Sentir del aire 1&#8217;20 x 0&#8217;60<\/span><\/span><\/a><\/div><div class=\"rl-gallery-item\"><a href=\"http:\/\/www.antoniotorresalba.com\/wp-content\/uploads\/2021\/04\/ok.jpg\" title=\"Poes\u00eda, pl\u00edes y beler\u00edas 1&#8217;20 x 0&#8217;60\" data-rl_title=\"Poes\u00eda, pl\u00edes y beler\u00edas 1&#8217;20 x 0&#8217;60\" class=\"rl-gallery-link\" data-rl_caption=\"\" data-rel=\"lightbox-gallery-2\"><img loading=\"lazy\" decoding=\"async\" src=\"http:\/\/www.antoniotorresalba.com\/wp-content\/uploads\/2021\/04\/ok-150x300.jpg\" width=\"150\" height=\"300\" alt=\"\" \/><span class=\"rl-gallery-caption\"><span class=\"rl-gallery-item-title\">Poes\u00eda, pl\u00edes y beler\u00edas 1&#8217;20 x 0&#8217;60<\/span><\/span><\/a><\/div><div class=\"rl-gallery-item\"><a href=\"http:\/\/www.antoniotorresalba.com\/wp-content\/uploads\/2021\/04\/En-el-patio-del-tiempo-1.jpg\" title=\"En el patio del tiempo 1&#8217;20 x 0&#8217;60\" data-rl_title=\"En el patio del tiempo 1&#8217;20 x 0&#8217;60\" class=\"rl-gallery-link\" data-rl_caption=\"\" data-rel=\"lightbox-gallery-2\"><img loading=\"lazy\" decoding=\"async\" src=\"http:\/\/www.antoniotorresalba.com\/wp-content\/uploads\/2021\/04\/En-el-patio-del-tiempo-1-148x300.jpg\" width=\"148\" height=\"300\" alt=\"\" \/><span class=\"rl-gallery-caption\"><span class=\"rl-gallery-item-title\">En el patio del tiempo 1&#8217;20 x 0&#8217;60<\/span><\/span><\/a><\/div><div class=\"rl-gallery-item\"><a href=\"http:\/\/www.antoniotorresalba.com\/wp-content\/uploads\/2021\/04\/En-el-patio-del-tiempo-2.jpg\" title=\"En el patio del tiempo 1&#8217;20 x 0&#8217;60\" data-rl_title=\"En el patio del tiempo 1&#8217;20 x 0&#8217;60\" class=\"rl-gallery-link\" data-rl_caption=\"\" data-rel=\"lightbox-gallery-2\"><img loading=\"lazy\" decoding=\"async\" src=\"http:\/\/www.antoniotorresalba.com\/wp-content\/uploads\/2021\/04\/En-el-patio-del-tiempo-2-150x300.jpg\" width=\"150\" height=\"300\" alt=\"\" \/><span class=\"rl-gallery-caption\"><span class=\"rl-gallery-item-title\">En el patio del tiempo 1&#8217;20 x 0&#8217;60<\/span><\/span><\/a><\/div><div class=\"rl-gallery-item\"><a href=\"http:\/\/www.antoniotorresalba.com\/wp-content\/uploads\/2021\/04\/3.jpg\" title=\"Brevedad de la luz 1&#8217;20 x 0&#8217;60\" data-rl_title=\"Brevedad de la luz 1&#8217;20 x 0&#8217;60\" class=\"rl-gallery-link\" data-rl_caption=\"\" data-rel=\"lightbox-gallery-2\"><img loading=\"lazy\" decoding=\"async\" src=\"http:\/\/www.antoniotorresalba.com\/wp-content\/uploads\/2021\/04\/3-149x300.jpg\" width=\"149\" height=\"300\" alt=\"\" \/><span class=\"rl-gallery-caption\"><span class=\"rl-gallery-item-title\">Brevedad de la luz 1&#8217;20 x 0&#8217;60<\/span><\/span><\/a><\/div> <\/div> <\/div><\/p>","protected":false},"excerpt":{"rendered":"<p>Serie : &nbsp;POES\u00cdA, PL\u00cdES Y BULER\u00cdAS. He has been working on these paintings since the beginning of 2020. This collection consists of twenty-three pieces, all 1&#8217;20 x 0&#8217;60 cm. In this series the painter captures an interesting imaginative story of three artists; A classical dancer (Laurretta Summerscales. Bayerisches Staatsballett, Munich) Ana Agraz (Spanish National Ballet. &hellip; <\/p>\n<p class=\"link-more\"><a href=\"http:\/\/www.antoniotorresalba.com\/en\/poesia-plies-y-bulerias\" class=\"more-link\">Continue reading<span class=\"screen-reader-text\"> &#8220;Series: POETRY, PL\u00cdES AND BULER\u00cdAS.&#8221;<\/span><\/a><\/p>\n","protected":false},"author":1,"featured_media":0,"parent":0,"menu_order":0,"comment_status":"closed","ping_status":"closed","template":"","meta":{"_monsterinsights_skip_tracking":false,"_monsterinsights_sitenote_active":false,"_monsterinsights_sitenote_note":"","_monsterinsights_sitenote_category":0,"ngg_post_thumbnail":0,"footnotes":""},"class_list":["post-1471","page","type-page","status-publish","hentry"],"yoast_head":"<!-- This site is optimized with the Yoast SEO plugin v27.2 - https:\/\/yoast.com\/product\/yoast-seo-wordpress\/ -->\n<title>Series: POETRY, PL\u00cdES AND BULER\u00cdAS. - Antonio Torres<\/title>\n<meta name=\"robots\" content=\"index, follow, max-snippet:-1, max-image-preview:large, max-video-preview:-1\" \/>\n<link rel=\"canonical\" href=\"http:\/\/www.antoniotorresalba.com\/poesia-plies-y-bulerias\" \/>\n<meta property=\"og:locale\" content=\"en_US\" \/>\n<meta property=\"og:type\" content=\"article\" \/>\n<meta property=\"og:title\" content=\"Series: POETRY, PL\u00cdES AND BULER\u00cdAS. - Antonio Torres\" \/>\n<meta property=\"og:description\" content=\"Serie : &nbsp;POES\u00cdA, PL\u00cdES Y BULER\u00cdAS. He has been working on these paintings since the beginning of 2020. This collection consists of twenty-three pieces, all 1&#8217;20 x 0&#8217;60 cm. In this series the painter captures an interesting imaginative story of three artists; A classical dancer (Laurretta Summerscales. Bayerisches Staatsballett, Munich) Ana Agraz (Spanish National Ballet. &hellip; Continue reading &quot;Series: POETRY, PL\u00cdES AND BULER\u00cdAS.&quot;\" \/>\n<meta property=\"og:url\" content=\"http:\/\/www.antoniotorresalba.com\/poesia-plies-y-bulerias\" \/>\n<meta property=\"og:site_name\" content=\"Antonio Torres\" \/>\n<meta property=\"article:publisher\" content=\"https:\/\/es-es.facebook.com\/antonio.torresalba\" \/>\n<meta property=\"article:modified_time\" content=\"2021-04-30T11:20:20+00:00\" \/>\n<meta name=\"twitter:card\" content=\"summary_large_image\" \/>\n<meta name=\"twitter:label1\" content=\"Est. reading time\" \/>\n\t<meta name=\"twitter:data1\" content=\"1 minute\" \/>\n<script type=\"application\/ld+json\" class=\"yoast-schema-graph\">{\"@context\":\"https:\/\/schema.org\",\"@graph\":[{\"@type\":\"WebPage\",\"@id\":\"http:\/\/www.antoniotorresalba.com\/poesia-plies-y-bulerias\",\"url\":\"http:\/\/www.antoniotorresalba.com\/poesia-plies-y-bulerias\",\"name\":\"Series: POETRY, PL\u00cdES AND BULER\u00cdAS. - Antonio Torres\",\"isPartOf\":{\"@id\":\"http:\/\/www.antoniotorresalba.com\/#website\"},\"datePublished\":\"2021-04-29T17:26:01+00:00\",\"dateModified\":\"2021-04-30T11:20:20+00:00\",\"breadcrumb\":{\"@id\":\"http:\/\/www.antoniotorresalba.com\/poesia-plies-y-bulerias#breadcrumb\"},\"inLanguage\":\"en-US\",\"potentialAction\":[{\"@type\":\"ReadAction\",\"target\":[\"http:\/\/www.antoniotorresalba.com\/poesia-plies-y-bulerias\"]}]},{\"@type\":\"BreadcrumbList\",\"@id\":\"http:\/\/www.antoniotorresalba.com\/poesia-plies-y-bulerias#breadcrumb\",\"itemListElement\":[{\"@type\":\"ListItem\",\"position\":1,\"name\":\"Portada\",\"item\":\"http:\/\/www.antoniotorresalba.com\/\"},{\"@type\":\"ListItem\",\"position\":2,\"name\":\"Serie : \u00a0POES\u00cdA, PL\u00cdES Y BULER\u00cdAS.\"}]},{\"@type\":\"WebSite\",\"@id\":\"http:\/\/www.antoniotorresalba.com\/#website\",\"url\":\"http:\/\/www.antoniotorresalba.com\/\",\"name\":\"Antonio Torres\",\"description\":\"Artist painter specialized in Ballet dancers\",\"potentialAction\":[{\"@type\":\"SearchAction\",\"target\":{\"@type\":\"EntryPoint\",\"urlTemplate\":\"http:\/\/www.antoniotorresalba.com\/?s={search_term_string}\"},\"query-input\":{\"@type\":\"PropertyValueSpecification\",\"valueRequired\":true,\"valueName\":\"search_term_string\"}}],\"inLanguage\":\"en-US\"}]}<\/script>\n<!-- \/ Yoast SEO plugin. -->","yoast_head_json":{"title":"Series: POETRY, PL\u00cdES AND BULER\u00cdAS. - Antonio Torres","robots":{"index":"index","follow":"follow","max-snippet":"max-snippet:-1","max-image-preview":"max-image-preview:large","max-video-preview":"max-video-preview:-1"},"canonical":"http:\/\/www.antoniotorresalba.com\/poesia-plies-y-bulerias","og_locale":"en_US","og_type":"article","og_title":"Series: POETRY, PL\u00cdES AND BULER\u00cdAS. - Antonio Torres","og_description":"Serie : &nbsp;POES\u00cdA, PL\u00cdES Y BULER\u00cdAS. He has been working on these paintings since the beginning of 2020. This collection consists of twenty-three pieces, all 1&#8217;20 x 0&#8217;60 cm. In this series the painter captures an interesting imaginative story of three artists; A classical dancer (Laurretta Summerscales. Bayerisches Staatsballett, Munich) Ana Agraz (Spanish National Ballet. &hellip; Continue reading \"Series: POETRY, PL\u00cdES AND BULER\u00cdAS.\"","og_url":"http:\/\/www.antoniotorresalba.com\/poesia-plies-y-bulerias","og_site_name":"Antonio Torres","article_publisher":"https:\/\/es-es.facebook.com\/antonio.torresalba","article_modified_time":"2021-04-30T11:20:20+00:00","twitter_card":"summary_large_image","twitter_misc":{"Est. reading time":"1 minute"},"schema":{"@context":"https:\/\/schema.org","@graph":[{"@type":"WebPage","@id":"http:\/\/www.antoniotorresalba.com\/poesia-plies-y-bulerias","url":"http:\/\/www.antoniotorresalba.com\/poesia-plies-y-bulerias","name":"Series: POETRY, PL\u00cdES AND BULER\u00cdAS. - Antonio Torres","isPartOf":{"@id":"http:\/\/www.antoniotorresalba.com\/#website"},"datePublished":"2021-04-29T17:26:01+00:00","dateModified":"2021-04-30T11:20:20+00:00","breadcrumb":{"@id":"http:\/\/www.antoniotorresalba.com\/poesia-plies-y-bulerias#breadcrumb"},"inLanguage":"en-US","potentialAction":[{"@type":"ReadAction","target":["http:\/\/www.antoniotorresalba.com\/poesia-plies-y-bulerias"]}]},{"@type":"BreadcrumbList","@id":"http:\/\/www.antoniotorresalba.com\/poesia-plies-y-bulerias#breadcrumb","itemListElement":[{"@type":"ListItem","position":1,"name":"Portada","item":"http:\/\/www.antoniotorresalba.com\/"},{"@type":"ListItem","position":2,"name":"Serie : \u00a0POES\u00cdA, PL\u00cdES Y BULER\u00cdAS."}]},{"@type":"WebSite","@id":"http:\/\/www.antoniotorresalba.com\/#website","url":"http:\/\/www.antoniotorresalba.com\/","name":"Antonio Torres","description":"Artist painter specialized in Ballet dancers","potentialAction":[{"@type":"SearchAction","target":{"@type":"EntryPoint","urlTemplate":"http:\/\/www.antoniotorresalba.com\/?s={search_term_string}"},"query-input":{"@type":"PropertyValueSpecification","valueRequired":true,"valueName":"search_term_string"}}],"inLanguage":"en-US"}]}},"_links":{"self":[{"href":"http:\/\/www.antoniotorresalba.com\/en\/wp-json\/wp\/v2\/pages\/1471","targetHints":{"allow":["GET"]}}],"collection":[{"href":"http:\/\/www.antoniotorresalba.com\/en\/wp-json\/wp\/v2\/pages"}],"about":[{"href":"http:\/\/www.antoniotorresalba.com\/en\/wp-json\/wp\/v2\/types\/page"}],"author":[{"embeddable":true,"href":"http:\/\/www.antoniotorresalba.com\/en\/wp-json\/wp\/v2\/users\/1"}],"replies":[{"embeddable":true,"href":"http:\/\/www.antoniotorresalba.com\/en\/wp-json\/wp\/v2\/comments?post=1471"}],"version-history":[{"count":10,"href":"http:\/\/www.antoniotorresalba.com\/en\/wp-json\/wp\/v2\/pages\/1471\/revisions"}],"predecessor-version":[{"id":1508,"href":"http:\/\/www.antoniotorresalba.com\/en\/wp-json\/wp\/v2\/pages\/1471\/revisions\/1508"}],"wp:attachment":[{"href":"http:\/\/www.antoniotorresalba.com\/en\/wp-json\/wp\/v2\/media?parent=1471"}],"curies":[{"name":"wp","href":"https:\/\/api.w.org\/{rel}","templated":true}]}}