{"id":910,"date":"2018-08-29T08:21:59","date_gmt":"2018-08-29T08:21:59","guid":{"rendered":"http:\/\/www.antoniotorresalba.com\/?page_id=910"},"modified":"2023-01-16T13:11:43","modified_gmt":"2023-01-16T13:11:43","slug":"inspiracion-de-laurretta","status":"publish","type":"page","link":"http:\/\/www.antoniotorresalba.com\/en\/inspiracion-de-laurretta","title":{"rendered":"INSPIRACI\u00d3N DE LAURRETTA"},"content":{"rendered":"<p><strong>Serie: Inspiraci\u00f3n de Laurretta<\/strong><\/p>\n<p>This is a series of paintings taken to a contemporary style, where the figure is stylized to the maximum and the colors are diluted between the shapes and the anatomy of the protagonist.<\/p>\n<p><div class=\"rl-gallery-container rl-loading\" id=\"rl-gallery-container-2\" data-gallery_id=\"1061\"> <div class=\"rl-gallery rl-basicgrid-gallery \" id=\"rl-gallery-2\" data-gallery_no=\"2\"> <div class=\"rl-gallery-item\"><a href=\"http:\/\/www.antoniotorresalba.com\/wp-content\/uploads\/2018\/08\/CON-SU-MUSA.-LAURRETTA-SUMMERSCALES.-LONDRES-BAILARINA-PRINCIPAL-EN-BAYERISCHES-STAATSBALLETT-DE-MUNICH.jpg\" title=\"CON SU MUSA. LAURRETTA SUMMERSCALES. (LONDRES) BAILARINA PRINCIPAL EN BAYERISCHES STAATSBALLETT DE MUNICH\" data-rl_title=\"CON SU MUSA. LAURRETTA SUMMERSCALES. (LONDRES) BAILARINA PRINCIPAL EN BAYERISCHES STAATSBALLETT DE MUNICH\" class=\"rl-gallery-link\" data-rl_caption=\"\" data-rel=\"lightbox-gallery-2\"><img loading=\"lazy\" decoding=\"async\" src=\"http:\/\/www.antoniotorresalba.com\/wp-content\/uploads\/2018\/08\/CON-SU-MUSA.-LAURRETTA-SUMMERSCALES.-LONDRES-BAILARINA-PRINCIPAL-EN-BAYERISCHES-STAATSBALLETT-DE-MUNICH-226x300.jpg\" width=\"226\" height=\"300\" alt=\"\" \/><span class=\"rl-gallery-caption\"><span class=\"rl-gallery-item-title\">CON SU MUSA. LAURRETTA SUMMERSCALES. (LONDRES) BAILARINA PRINCIPAL EN BAYERISCHES STAATSBALLETT DE MUNICH<\/span><\/span><\/a><\/div><div class=\"rl-gallery-item\"><a href=\"http:\/\/www.antoniotorresalba.com\/wp-content\/uploads\/2018\/08\/Laurrettas-feeling-3.jpeg\" title=\"Laurretta&#8217;s feeling 3 1&#8217;60 x 1&#8217;20 oleo\" data-rl_title=\"Laurretta&#8217;s feeling 3 1&#8217;60 x 1&#8217;20 oleo\" class=\"rl-gallery-link\" data-rl_caption=\"\" data-rel=\"lightbox-gallery-2\"><img loading=\"lazy\" decoding=\"async\" src=\"http:\/\/www.antoniotorresalba.com\/wp-content\/uploads\/2018\/08\/Laurrettas-feeling-3-225x300.jpeg\" width=\"225\" height=\"300\" alt=\"\" \/><span class=\"rl-gallery-caption\"><span class=\"rl-gallery-item-title\">Laurretta&#8217;s feeling 3 1&#8217;60 x 1&#8217;20 oleo<\/span><\/span><\/a><\/div><div class=\"rl-gallery-item\"><a href=\"http:\/\/www.antoniotorresalba.com\/wp-content\/uploads\/2018\/08\/LAURRETTA\u00b4S-FEELING-1.jpg\" title=\"Laurretta&#8217;s feeling 2 1&#8217;60 x 1&#8217;20 oleo\" data-rl_title=\"Laurretta&#8217;s feeling 2 1&#8217;60 x 1&#8217;20 oleo\" class=\"rl-gallery-link\" data-rl_caption=\"\" data-rel=\"lightbox-gallery-2\"><img loading=\"lazy\" decoding=\"async\" src=\"http:\/\/www.antoniotorresalba.com\/wp-content\/uploads\/2018\/08\/LAURRETTA\u00b4S-FEELING-1-222x300.jpg\" width=\"222\" height=\"300\" alt=\"\" \/><span class=\"rl-gallery-caption\"><span class=\"rl-gallery-item-title\">Laurretta&#8217;s feeling 2 1&#8217;60 x 1&#8217;20 oleo<\/span><\/span><\/a><\/div><div class=\"rl-gallery-item\"><a href=\"http:\/\/www.antoniotorresalba.com\/wp-content\/uploads\/2018\/08\/LAURRETTA\u00b4S-FEELING.jpg\" title=\"Laurretta&#8217;s feeling 1 1&#8217;60 x 1&#8217;20 oleo\" data-rl_title=\"Laurretta&#8217;s feeling 1 1&#8217;60 x 1&#8217;20 oleo\" class=\"rl-gallery-link\" data-rl_caption=\"\" data-rel=\"lightbox-gallery-2\"><img loading=\"lazy\" decoding=\"async\" src=\"http:\/\/www.antoniotorresalba.com\/wp-content\/uploads\/2018\/08\/LAURRETTA\u00b4S-FEELING-222x300.jpg\" width=\"222\" height=\"300\" alt=\"\" \/><span class=\"rl-gallery-caption\"><span class=\"rl-gallery-item-title\">Laurretta&#8217;s feeling 1 1&#8217;60 x 1&#8217;20 oleo<\/span><\/span><\/a><\/div><div class=\"rl-gallery-item\"><a href=\"http:\/\/www.antoniotorresalba.com\/wp-content\/uploads\/2018\/08\/Con-velo-desdibujado.-\u00d3leo.-90x20-1.jpg\" title=\"Con velo desdibujado. \u00d3leo. 90&#215;20\" data-rl_title=\"Con velo desdibujado. \u00d3leo. 90&#215;20\" class=\"rl-gallery-link\" data-rl_caption=\"\" data-rel=\"lightbox-gallery-2\"><img loading=\"lazy\" decoding=\"async\" src=\"http:\/\/www.antoniotorresalba.com\/wp-content\/uploads\/2018\/08\/Con-velo-desdibujado.-\u00d3leo.-90x20-1-71x300.jpg\" width=\"71\" height=\"300\" alt=\"\" \/><span class=\"rl-gallery-caption\"><span class=\"rl-gallery-item-title\">Con velo desdibujado. \u00d3leo. 90&#215;20<\/span><\/span><\/a><\/div><div class=\"rl-gallery-item\"><a href=\"http:\/\/www.antoniotorresalba.com\/wp-content\/uploads\/2018\/08\/Sue\u00f1o-nost\u00e1lgico-al-violeta.-\u00d3leo.-82X27.jpg\" title=\"Sue\u00f1o nost\u00e1lgico al violeta. \u00d3leo. 82X27\" data-rl_title=\"Sue\u00f1o nost\u00e1lgico al violeta. \u00d3leo. 82X27\" class=\"rl-gallery-link\" data-rl_caption=\"\" data-rel=\"lightbox-gallery-2\"><img loading=\"lazy\" decoding=\"async\" src=\"http:\/\/www.antoniotorresalba.com\/wp-content\/uploads\/2018\/08\/Sue\u00f1o-nost\u00e1lgico-al-violeta.-\u00d3leo.-82X27-96x300.jpg\" width=\"96\" height=\"300\" alt=\"\" \/><span class=\"rl-gallery-caption\"><span class=\"rl-gallery-item-title\">Sue\u00f1o nost\u00e1lgico al violeta. \u00d3leo. 82X27<\/span><\/span><\/a><\/div><div class=\"rl-gallery-item\"><a href=\"http:\/\/www.antoniotorresalba.com\/wp-content\/uploads\/2018\/08\/Sutileza-Crom\u00e1tica.-\u00d3leo.-80x20.jpg\" title=\"Sutileza Crom\u00e1tica. \u00d3leo. 80&#215;20\" data-rl_title=\"Sutileza Crom\u00e1tica. \u00d3leo. 80&#215;20\" class=\"rl-gallery-link\" data-rl_caption=\"\" data-rel=\"lightbox-gallery-2\"><img loading=\"lazy\" decoding=\"async\" src=\"http:\/\/www.antoniotorresalba.com\/wp-content\/uploads\/2018\/08\/Sutileza-Crom\u00e1tica.-\u00d3leo.-80x20-72x300.jpg\" width=\"72\" height=\"300\" alt=\"\" \/><span class=\"rl-gallery-caption\"><span class=\"rl-gallery-item-title\">Sutileza Crom\u00e1tica. \u00d3leo. 80&#215;20<\/span><\/span><\/a><\/div> <\/div> <\/div><\/p>","protected":false},"excerpt":{"rendered":"<p>Serie: Inspiraci\u00f3n de Laurretta This is a series of paintings taken to a contemporary style, where the figure is stylized to the maximum and the colors are diluted between the shapes and the anatomy of the protagonist.<\/p>\n","protected":false},"author":1,"featured_media":0,"parent":0,"menu_order":0,"comment_status":"closed","ping_status":"closed","template":"","meta":{"_monsterinsights_skip_tracking":false,"_monsterinsights_sitenote_active":false,"_monsterinsights_sitenote_note":"","_monsterinsights_sitenote_category":0,"ngg_post_thumbnail":0,"footnotes":""},"class_list":["post-910","page","type-page","status-publish","hentry"],"yoast_head":"<!-- This site is optimized with the Yoast SEO plugin v27.2 - https:\/\/yoast.com\/product\/yoast-seo-wordpress\/ -->\n<title>INSPIRACI\u00d3N DE LAURRETTA - Antonio Torres<\/title>\n<meta name=\"robots\" content=\"index, follow, max-snippet:-1, max-image-preview:large, max-video-preview:-1\" \/>\n<link rel=\"canonical\" href=\"http:\/\/www.antoniotorresalba.com\/inspiracion-de-laurretta\" \/>\n<meta property=\"og:locale\" content=\"en_US\" \/>\n<meta property=\"og:type\" content=\"article\" \/>\n<meta property=\"og:title\" content=\"INSPIRACI\u00d3N DE LAURRETTA - Antonio Torres\" \/>\n<meta property=\"og:description\" content=\"Serie: Inspiraci\u00f3n de Laurretta This is a series of paintings taken to a contemporary style, where the figure is stylized to the maximum and the colors are diluted between the shapes and the anatomy of the protagonist.\" \/>\n<meta property=\"og:url\" content=\"http:\/\/www.antoniotorresalba.com\/inspiracion-de-laurretta\" \/>\n<meta property=\"og:site_name\" content=\"Antonio Torres\" \/>\n<meta property=\"article:publisher\" content=\"https:\/\/es-es.facebook.com\/antonio.torresalba\" \/>\n<meta property=\"article:modified_time\" content=\"2023-01-16T13:11:43+00:00\" \/>\n<meta name=\"twitter:card\" content=\"summary_large_image\" \/>\n<meta name=\"twitter:label1\" content=\"Est. reading time\" \/>\n\t<meta name=\"twitter:data1\" content=\"1 minute\" \/>\n<script type=\"application\/ld+json\" class=\"yoast-schema-graph\">{\"@context\":\"https:\/\/schema.org\",\"@graph\":[{\"@type\":\"WebPage\",\"@id\":\"http:\/\/www.antoniotorresalba.com\/inspiracion-de-laurretta\",\"url\":\"http:\/\/www.antoniotorresalba.com\/inspiracion-de-laurretta\",\"name\":\"INSPIRACI\u00d3N DE LAURRETTA - Antonio Torres\",\"isPartOf\":{\"@id\":\"http:\/\/www.antoniotorresalba.com\/en\/#website\"},\"datePublished\":\"2018-08-29T08:21:59+00:00\",\"dateModified\":\"2023-01-16T13:11:43+00:00\",\"breadcrumb\":{\"@id\":\"http:\/\/www.antoniotorresalba.com\/inspiracion-de-laurretta#breadcrumb\"},\"inLanguage\":\"en-US\",\"potentialAction\":[{\"@type\":\"ReadAction\",\"target\":[\"http:\/\/www.antoniotorresalba.com\/inspiracion-de-laurretta\"]}]},{\"@type\":\"BreadcrumbList\",\"@id\":\"http:\/\/www.antoniotorresalba.com\/inspiracion-de-laurretta#breadcrumb\",\"itemListElement\":[{\"@type\":\"ListItem\",\"position\":1,\"name\":\"Portada\",\"item\":\"http:\/\/www.antoniotorresalba.com\/en\/\"},{\"@type\":\"ListItem\",\"position\":2,\"name\":\"SERIE: INSPIRACI\u00d3N DE LAURRETTA\"}]},{\"@type\":\"WebSite\",\"@id\":\"http:\/\/www.antoniotorresalba.com\/en\/#website\",\"url\":\"http:\/\/www.antoniotorresalba.com\/en\/\",\"name\":\"Antonio Torres\",\"description\":\"Artist painter specialized in Ballet dancers\",\"potentialAction\":[{\"@type\":\"SearchAction\",\"target\":{\"@type\":\"EntryPoint\",\"urlTemplate\":\"http:\/\/www.antoniotorresalba.com\/en\/?s={search_term_string}\"},\"query-input\":{\"@type\":\"PropertyValueSpecification\",\"valueRequired\":true,\"valueName\":\"search_term_string\"}}],\"inLanguage\":\"en-US\"}]}<\/script>\n<!-- \/ Yoast SEO plugin. -->","yoast_head_json":{"title":"INSPIRACI\u00d3N DE LAURRETTA - Antonio Torres","robots":{"index":"index","follow":"follow","max-snippet":"max-snippet:-1","max-image-preview":"max-image-preview:large","max-video-preview":"max-video-preview:-1"},"canonical":"http:\/\/www.antoniotorresalba.com\/inspiracion-de-laurretta","og_locale":"en_US","og_type":"article","og_title":"INSPIRACI\u00d3N DE LAURRETTA - Antonio Torres","og_description":"Serie: Inspiraci\u00f3n de Laurretta This is a series of paintings taken to a contemporary style, where the figure is stylized to the maximum and the colors are diluted between the shapes and the anatomy of the protagonist.","og_url":"http:\/\/www.antoniotorresalba.com\/inspiracion-de-laurretta","og_site_name":"Antonio Torres","article_publisher":"https:\/\/es-es.facebook.com\/antonio.torresalba","article_modified_time":"2023-01-16T13:11:43+00:00","twitter_card":"summary_large_image","twitter_misc":{"Est. reading time":"1 minute"},"schema":{"@context":"https:\/\/schema.org","@graph":[{"@type":"WebPage","@id":"http:\/\/www.antoniotorresalba.com\/inspiracion-de-laurretta","url":"http:\/\/www.antoniotorresalba.com\/inspiracion-de-laurretta","name":"INSPIRACI\u00d3N DE LAURRETTA - Antonio Torres","isPartOf":{"@id":"http:\/\/www.antoniotorresalba.com\/en\/#website"},"datePublished":"2018-08-29T08:21:59+00:00","dateModified":"2023-01-16T13:11:43+00:00","breadcrumb":{"@id":"http:\/\/www.antoniotorresalba.com\/inspiracion-de-laurretta#breadcrumb"},"inLanguage":"en-US","potentialAction":[{"@type":"ReadAction","target":["http:\/\/www.antoniotorresalba.com\/inspiracion-de-laurretta"]}]},{"@type":"BreadcrumbList","@id":"http:\/\/www.antoniotorresalba.com\/inspiracion-de-laurretta#breadcrumb","itemListElement":[{"@type":"ListItem","position":1,"name":"Portada","item":"http:\/\/www.antoniotorresalba.com\/en\/"},{"@type":"ListItem","position":2,"name":"SERIE: INSPIRACI\u00d3N DE LAURRETTA"}]},{"@type":"WebSite","@id":"http:\/\/www.antoniotorresalba.com\/en\/#website","url":"http:\/\/www.antoniotorresalba.com\/en\/","name":"Antonio Torres","description":"Artist painter specialized in Ballet dancers","potentialAction":[{"@type":"SearchAction","target":{"@type":"EntryPoint","urlTemplate":"http:\/\/www.antoniotorresalba.com\/en\/?s={search_term_string}"},"query-input":{"@type":"PropertyValueSpecification","valueRequired":true,"valueName":"search_term_string"}}],"inLanguage":"en-US"}]}},"_links":{"self":[{"href":"http:\/\/www.antoniotorresalba.com\/en\/wp-json\/wp\/v2\/pages\/910","targetHints":{"allow":["GET"]}}],"collection":[{"href":"http:\/\/www.antoniotorresalba.com\/en\/wp-json\/wp\/v2\/pages"}],"about":[{"href":"http:\/\/www.antoniotorresalba.com\/en\/wp-json\/wp\/v2\/types\/page"}],"author":[{"embeddable":true,"href":"http:\/\/www.antoniotorresalba.com\/en\/wp-json\/wp\/v2\/users\/1"}],"replies":[{"embeddable":true,"href":"http:\/\/www.antoniotorresalba.com\/en\/wp-json\/wp\/v2\/comments?post=910"}],"version-history":[{"count":18,"href":"http:\/\/www.antoniotorresalba.com\/en\/wp-json\/wp\/v2\/pages\/910\/revisions"}],"predecessor-version":[{"id":1740,"href":"http:\/\/www.antoniotorresalba.com\/en\/wp-json\/wp\/v2\/pages\/910\/revisions\/1740"}],"wp:attachment":[{"href":"http:\/\/www.antoniotorresalba.com\/en\/wp-json\/wp\/v2\/media?parent=910"}],"curies":[{"name":"wp","href":"https:\/\/api.w.org\/{rel}","templated":true}]}}